{"id":298,"date":"2018-12-17T09:53:52","date_gmt":"2018-12-17T08:53:52","guid":{"rendered":"http:\/\/www.naturo.pomurski-sejem.si\/?page_id=298"},"modified":"2020-12-14T10:16:13","modified_gmt":"2020-12-14T09:16:13","slug":"project-team","status":"publish","type":"page","link":"https:\/\/www.naturo.pomurski-sejem.si\/en\/for-exhibitors\/project-team\/","title":{"rendered":"Project team"},"content":{"rendered":"<div class=\"standard_wrapper\">\n<div  class=\"two_third withsmallpadding ppb_text\" style=\"text-align:left;padding:30px 0 30px 0;\" >\n<div class=\"standard_wrapper\">\n<div class=\"page_content_wrapper\">\n<div class=\"inner\">\n<div style=\"margin:auto;width:100%\">\n<h4>Information<\/h4>\n<p>Boris Nicolas Erjavec<br \/>\nExecutive Director<br \/>\nT: +386 (0)2 5642 115<br \/>\nE: <a href=\"mailto:boris.erjavec@pomurski-sejem.si\">boris.erjavec@pomurski-sejem.si<\/a><\/p>\n<p>mag. Vesna Daj\u010dman<br \/>\nCommercial director<br \/>\nT: +386 (0)2 5642 118<br \/>\nE: <a href=\"mailto:vesna@pomurski-sejem.si\">vesna@pomurski-sejem.si<\/a><\/p>\n<p>Robi Fi\u0161er<br \/>\nProject Manager fair NATURO<br \/>\nT: +386 (0)2 5642 113<br \/>\nE: <a href=\"mailto:robi.fiser@pomurski-sejem.si\">robi.fiser@pomurski-sejem.si<\/a><\/p>\n<p>\u00a0<\/p>\n<p><strong>Representations:<\/strong><\/p>\n<p>Croatia<br \/>\nManox d.o.o.<br \/>\nMarjan Novak<br \/>\nPu\u0161\u0107ine, \u010cakove\u010dka 79<br \/>\n40305 Nedeli\u0161\u0107e<br \/>\nT: +385 0 98 241 952<br \/>\nT\/F: +385 0 40 895 196<br \/>\nE: <a href=\"mailto:manox@manox.hr\">manox@manox.hr<\/a><\/p>\n<p>Slovakia<br \/>\n\u0160tefan Kun\u010dak<br \/>\nPlzenska 4<br \/>\n83103 Bratislava 3<br \/>\nT: +421 907 729 407<br \/>\nE: <a href=\"mailto:skuncak@gmail.com\">skuncak@gmail.com<\/a><\/p>\n<p>Hungary<br \/>\nMac-Line Hungary Ltd.<br \/>\n1 93 Felszabadul\u00e1s Str.<br \/>\nR\u00f6szke H-6758<br \/>\nT\/F: +36 62 430 861<br \/>\nE: <a href=\"mailto:office@macline.hu\">office@macline.hu<\/a><br \/>\n<a href=\"www.macline.hu\" target=\"_blank\" rel=\"noopener noreferrer\">www.macline.hu<\/a><\/p>\n<p>Italy<br \/>\nTURISMO srl<br \/>\nViale S. Marco, 58<br \/>\n30020 Venezia Italia<br \/>\nT:+39 377 2394638<br \/>\nE: <a href=\"mailto:fiera.radgona@gmail.com\">fiera.radgona@gmail.com<\/a><br \/>\n<a href=\"www.turismosrl.it\" target=\"_blank\" rel=\"noopener noreferrer\">www.turismosrl.it<\/a><\/p>\n<\/div>\n<\/div>\n<\/div>\n<\/div>\n<\/div>\n<\/div>\n","protected":false},"excerpt":{"rendered":"<p>Information Boris Nicolas Erjavec Executive Director T: +386 (0)2 5642 115 E: boris.erjavec@pomurski-sejem.si mag. Vesna Daj\u010dman Commercial director T: +386 (0)2 5642 118 E: vesna@pomurski-sejem.si Robi Fi\u0161er Project Manager fair NATURO T: +386 (0)2 5642 113 E: robi.fiser@pomurski-sejem.si \u00a0 Representations: [&hellip;]<\/p>\n","protected":false},"author":5,"featured_media":240,"parent":288,"menu_order":0,"comment_status":"closed","ping_status":"closed","template":"","meta":{"footnotes":"","_links_to":"","_links_to_target":""},"class_list":["post-298","page","type-page","status-publish","has-post-thumbnail","hentry"],"_links":{"self":[{"href":"https:\/\/www.naturo.pomurski-sejem.si\/en\/wp-json\/wp\/v2\/pages\/298","targetHints":{"allow":["GET"]}}],"collection":[{"href":"https:\/\/www.naturo.pomurski-sejem.si\/en\/wp-json\/wp\/v2\/pages"}],"about":[{"href":"https:\/\/www.naturo.pomurski-sejem.si\/en\/wp-json\/wp\/v2\/types\/page"}],"author":[{"embeddable":true,"href":"https:\/\/www.naturo.pomurski-sejem.si\/en\/wp-json\/wp\/v2\/users\/5"}],"replies":[{"embeddable":true,"href":"https:\/\/www.naturo.pomurski-sejem.si\/en\/wp-json\/wp\/v2\/comments?post=298"}],"version-history":[{"count":5,"href":"https:\/\/www.naturo.pomurski-sejem.si\/en\/wp-json\/wp\/v2\/pages\/298\/revisions"}],"predecessor-version":[{"id":665,"href":"https:\/\/www.naturo.pomurski-sejem.si\/en\/wp-json\/wp\/v2\/pages\/298\/revisions\/665"}],"up":[{"embeddable":true,"href":"https:\/\/www.naturo.pomurski-sejem.si\/en\/wp-json\/wp\/v2\/pages\/288"}],"wp:featuredmedia":[{"embeddable":true,"href":"https:\/\/www.naturo.pomurski-sejem.si\/en\/wp-json\/wp\/v2\/media\/240"}],"wp:attachment":[{"href":"https:\/\/www.naturo.pomurski-sejem.si\/en\/wp-json\/wp\/v2\/media?parent=298"}],"curies":[{"name":"wp","href":"https:\/\/api.w.org\/{rel}","templated":true}]}}