{"id":266,"date":"2018-12-17T09:02:04","date_gmt":"2018-12-17T08:02:04","guid":{"rendered":"http:\/\/www.naturo.pomurski-sejem.si\/?page_id=266"},"modified":"2022-03-28T16:23:47","modified_gmt":"2022-03-28T14:23:47","slug":"accompanying-programme","status":"publish","type":"page","link":"https:\/\/www.naturo.pomurski-sejem.si\/en\/accompanying-programme\/","title":{"rendered":"Accompanying programme"},"content":{"rendered":"<div  class=\"one withsmallpadding ppb_text\" style=\"text-align:left;padding:30px 0 30px 0;\" >\n<div class=\"standard_wrapper\">\n<div class=\"page_content_wrapper\">\n<div class=\"inner\">\n<div style=\"margin:auto;width:100%\">\n<p><strong>TOURISMUSANGEBOT:<\/strong><br \/>\n&#8211; Pr\u00e4sentation der Tourismusverb\u00e4nde (Slowenischer Tourismusverband)<br \/>\n&#8211; Pr\u00e4sentation von Bergh\u00fctten und Bergvereinen (Slowenischer Bergsteigerverband)<br \/>\n&#8211; Pr\u00e4sentation des Tourismus in Pomurje<br \/>\n&#8211; Touristische Bauernh\u00f6fe mit erg\u00e4nzenden Aktivit\u00e4ten, Handwerk<br \/>\n&#8211; Regionale K\u00fcche<br \/>\n&#8211; Waldtourismus<br \/>\n&#8211; Gesundheitstourismus<\/p>\n<p><strong>AKTIVES UND ATTRAKTIVES GESCHEHEN<\/strong><br \/>\n&#8211; Klettern an der Kletterwand<br \/>\n&#8211; erz\u00e4hlen von Waldgeschichten am Lagerfeuer, Waldp\u00e4dagogik<br \/>\n&#8211; Kampfsportvorf\u00fchrungen<br \/>\n&#8211; Pr\u00e4sentationen und Gespr\u00e4che mit Spitzensportlern der slowenischen Armee<br \/>\n&#8211; Schie\u00dfen<\/p>\n<h4>\nJeden Tag von 9. 00 bis 18. 00 Uhr:<\/h4>\n<p>&#8211; Klettern an der Kletterwand\/ drau\u00dfen vor der Halle B<br \/>\n&#8211; erz\u00e4hlen von Waldgeschichten am Lagerfeuer, Waldp\u00e4dagogik\/ drau\u00dfen vor der Halle B<br \/>\n&#8211; Pr\u00e4sentation und Demonstration der Kampfkunst Shotokan-Karate\/ Halle B, gr\u00fcne B\u00fchne<br \/>\n&#8211; Pr\u00e4sentationen und Diskussionen mit Spitzensportlern, die in der slowenischen Armee t\u00e4tig sind, und Vorstellung der M\u00f6glichkeiten, der slowenischen Armee beizutreten \/ Halle B, Ausstellungsbereich der slowenischen Armee<br \/>\n&#8211; Schie\u00dfen mit einem Gewehrsimulator\/ Halle B, Ausstellungsbereich der slowenischen Armee<br \/>\n&#8211; &#8220;Sport mit KLINKA&#8221; &#8211; eine Basketball-Challenge und ein Gewinnspiel \/ Halle B ausstellungsraum Klinka Student and Youth Club<br \/>\n&#8211; Fahrten mit dem Elektrofahrrad \/ vor der Halle B, Stand von Elpec eBikes<br \/>\n&#8211; Vorf\u00fchrung und spielen von Footgolf \/ vor Halle B, Footgolf Pomurje<\/p>\n<p>\u00a0<\/p>\n<h4>Freitag, 8. April:<\/h4>\n<p>9. 00 &#8211; 12. 00 Uhr \/ drau\u00dfen vor der Halle B<br \/>\n<strong>Erz\u00e4hlen von Waldgeschichten am Lagerfeuer<\/strong><br \/>\n<em>Organisiert von: Waldbeh\u00f6rde von Slowenien<\/em><\/p>\n<p>9. 00 &#8211; 12. 00 Uhr \/ drau\u00dfen vor der Halle B<br \/>\n<strong>Waldp\u00e4dagogik<\/strong><br \/>\n<em>Organisiert von: Waldbeh\u00f6rde von Slowenien<\/em><\/p>\n<p>\/ drau\u00dfen vor der Halle B<br \/>\n<strong>Pr\u00e4sentation und Vorf\u00fchrung von Footgolf<\/strong><br \/>\n<em>Organisiert von: Footgolf Pomurje<\/em><\/p>\n<p>9. 00 &#8211; 18. 00 Uhr \/ Elpec eBikes Stand, au\u00dferhalb der Halle B<br \/>\n<strong>Fahrt mit elektrischen Fahrr\u00e4dern<\/strong><br \/>\n<em>Organisiert von: Elpec eBikes<\/em><\/p>\n<p>9. 00 &#8211; 18. 00 Uhr \/ KLINKA-Ausstellungsraum, Halle B<br \/>\n<strong>&#8220;Sport mit KLINKA&#8221; &#8211; Gewinnspiel und Korbwurftest<\/strong><br \/>\n<em>Organisiert von: der Klinka Student-Youth Club<\/em><\/p>\n<p>9. 45 &#8211; 11. 30 Uhr \/ Gr\u00fcne B\u00fchne in Halle B<br \/>\n<strong>Vorstellung des Buches &#8220;Jetzt ist die Zeit f\u00fcr Gastfreundschaft im Tourismus&#8221;<\/strong><br \/>\n<em>Organisiert von Gostoljuben.si, mag. Mirjana Ivanusha Bezjak<\/em><\/p>\n<p>10. 00 \/ Veranstaltungsb\u00fchne in Halle A2<br \/>\n<strong>Er\u00f6ffnungsfeier der Messe Naturo, Jagd und Fischerei<\/strong><\/p>\n<p>10. 00 &#8211; 14. 00 Uhr \/ Ausstellungshalle der slowenischen Armee , Halle B<br \/>\n<strong>Pr\u00e4sentation der Sporteinheit der slowenischen Armee<\/strong><br \/>\n<em>Organisiert durch das Verteidigungsministerium der Republik Slowenien<\/em><\/p>\n<p>13. 00 &#8211; 15. 00 Uhr \/ Gr\u00fcne B\u00fchne in Halle B<br \/>\n<strong>Analyse der K\u00f6rperzusammensetzung mit einem professionellen Tanita-Messger\u00e4t, mit Ausdruck und Interpretation der Ergebnisse<\/strong><br \/>\n<em>Veranstalter: FITTIME &#8211; Fit mit Andrea<\/em><\/p>\n<p>15. 30 &#8211; 16. 30 Uhr \/ Gr\u00fcne B\u00fchne in Halle B<br \/>\n<strong>Pr\u00e4sentation und Demonstration der Kampfkunst Shotokan-Karate<\/strong><br \/>\n<em>Organisiert von: der Shotokan Karate Do Verein Gornja Radgona<\/em><\/p>\n<p>\u00a0<\/p>\n<h4>Samstag, 9. April:<\/h4>\n<p>9. 00 &#8211; 12. 00 Uhr \/ drau\u00dfen vor der Halle B<br \/>\n<strong>Waldgeschichten am Lagerfeuer<\/strong><br \/>\n<em>Organisiert von : Waldbeh\u00f6rde von Slowenien<\/em><\/p>\n<p>9. 00 &#8211; 12. 00 Uhr \/ drau\u00dfen vor der Halle B<br \/>\n<strong>Waldp\u00e4dagogik<\/strong><br \/>\n<em>Veranstalter: Waldbeh\u00f6rde von Slowenien<\/em><\/p>\n<p>drau\u00dfen vor der Halle B<br \/>\n<strong>Pr\u00e4sentation und Vorf\u00fchrung von Footgolf<\/strong><br \/>\n<em>Organisiert von: Footgolf Pomurje<\/em><\/p>\n<p>9. 00 &#8211; 11. 00 Uhr \/ Gr\u00fcne B\u00fchne in Halle B<br \/>\n<strong>Analyse der K\u00f6rperzusammensetzung mit einem professionellen Tanita-Messger\u00e4t, mit Ausdruck und Interpretation der Ergebnisse<\/strong><br \/>\n<em>Veranstalter: FITTIME &#8211; Fit mit Andrea<\/em><\/p>\n<p>9. 00 &#8211; 18. 00 Uhr \/ Elpec eBikes Stand, au\u00dferhalb der Halle B<br \/>\n<strong>Fahrt mit elektrischen Fahrr\u00e4dern<\/strong><br \/>\nOrganisiert von: Elpec eBikes<\/p>\n<p>9. 00 &#8211; 18. 00 Uhr \/ KLINKA-Ausstellungsraum, Halle B<br \/>\n<strong>&#8220;Sport mit KLINKA&#8221; &#8211; Gewinnspiel und Korbwurftest<\/strong><br \/>\nOrganisiert von: der Klinka Student-Youth Club<\/p>\n<p>10. 00 &#8211; 14. 00 Uhr \/ Ausstellungshalle der slowenischen Armee , Halle B<br \/>\n<strong>Pr\u00e4sentation der Sporteinheit der slowenischen Armee<\/strong><br \/>\n<em>Organisiert durch das Verteidigungsministerium der Republik Slowenien<\/em><\/p>\n<p>11. 30 &#8211; 13. 00 Uhr \/ Gr\u00fcne B\u00fchne in Halle B<br \/>\n<strong>Pr\u00e4sentation der 10 wichtigsten thematischen Routen 2011-2021 und der 37 im Jahr 2021 bewerteten Routen<\/strong><br \/>\n<em>Organisiert vom: Slowenischen Fremdenverkehrsamt in Zusammenarbeit mit dem Waldbeh\u00f6rde und dem Slowenischen Outdoor-Verband<\/em><\/p>\n<p>12. 00 \/ drau\u00dfen vor der Halle B<br \/>\n<strong>Organisierte Wanderung zum Piramida &#8211; dem h\u00f6chsten Gipfel im Gebiet von Radgona<\/strong><br \/>\n<em>Veranstalter: FITTIME &#8211; Fit mit Andrea<\/em><\/p>\n<p>14. 00 &#8211; 16. 00 Uhr \/ Gr\u00fcne B\u00fchne in Halle B<br \/>\n<strong>Analyse der K\u00f6rperzusammensetzung mit einem professionellen Tanita-Messger\u00e4t, mit Ausdruck und Interpretation der Ergebnisse<\/strong><br \/>\n<em>Veranstalter: FITTIME &#8211; Fit mit Andrea<\/em><\/p>\n<p>16. 00 &#8211; 17. 00 Uhr \/ Gr\u00fcne B\u00fchne in Halle B<br \/>\n<strong>Pr\u00e4sentation und Demonstration der Kampfkunst Shotokan-Karate<\/strong><br \/>\n<em>Organisiert von: der Shotokan Karate Do Verein Gornja Radgona<\/em><\/p>\n<p>\u00a0<\/p>\n<h4>Sonntag, 10. April:<\/h4>\n<p>9. 00 &#8211; 12. 00 Uhr \/ drau\u00dfen vor der Halle B<br \/>\n<strong>Waldgeschichten am Lagerfeuer<\/strong><br \/>\nOrganisiert von : Waldbeh\u00f6rde von Slowenien<\/p>\n<p>9. 00 &#8211; 12. 00 Uhr \/ drau\u00dfen vor der Halle B<br \/>\n<strong>Waldp\u00e4dagogik<\/strong><br \/>\n<em>Veranstalter: Waldbeh\u00f6rde von Slowenien<\/em><\/p>\n<p>drau\u00dfen vor der Halle B<br \/>\n<em><strong>Pr\u00e4sentation und Vorf\u00fchrung von Footgolf<\/strong><\/em><br \/>\n<em>Organisiert von: Footgolf Pomurje<\/em><\/p>\n<p>9. 00 &#8211; 18. 00 Uhr \/ Elpec eBikes Stand, au\u00dferhalb der Halle B<br \/>\n<strong>Fahrt mit elektrischen Fahrr\u00e4dern<\/strong><br \/>\n<em>Organisiert von: Elpec eBikes<\/em><\/p>\n<p>9. 00 &#8211; 10. 00 Uhr \/ Gr\u00fcne B\u00fchne in Halle B<br \/>\n<strong>Pr\u00e4sentation und Demonstration der Kampfkunst Shotokan-Karate<\/strong><br \/>\n<em>Organisiert von: der Shotokan Karate Do Verein Gornja Radgona<\/em><\/p>\n<p>9. 00 &#8211; 18. 00 Uhr \/ KLINKA-Ausstellungsraum, Halle B<br \/>\n<strong>&#8220;Sport mit KLINKA&#8221; &#8211; Gewinnspiel und Korbwurftest<\/strong><br \/>\n<em>Organisiert von: der Klinka Student-Youth Club<\/em><\/p>\n<p>10. 00 &#8211; 14. 00 Uhr \/ Ausstellungshalle der slowenischen Armee , Halle B<br \/>\n<strong>Pr\u00e4sentation der Sporteinheit der slowenischen Armee<\/strong><br \/>\n<em>Organisiert durch das Verteidigungsministerium der Republik Slowenien<\/em><\/p>\n<p>10. 30 &#8211; 12. 00 \/ Gr\u00fcne B\u00fchne in Halle B<br \/>\n<strong>Vortrag \u00fcber &#8220;Europ\u00e4ische Wanderwege und Europa-Wanderung&#8221;<\/strong><br \/>\n<em>Organisiert von: der Kommission f\u00fcr Europ\u00e4ische Wanderwege, gegr\u00fcndet vom Slowenischen Tourismusverband, dem Slowenischen Instutut f\u00fcr W\u00e4lder, dem Slowenischen Bergsteigerverband und der Waldbeh\u00f6rde<\/em><\/p>\n<p>13. 00 &#8211; 14. 00 Uhr \/ Gr\u00fcne B\u00fchne in Halle B<br \/>\n<strong>Pr\u00e4sentation und Demonstration der Kampfkunst Shotokan-Karate<\/strong><br \/>\n<em>Organisiert von: der Shotokan Karate Do Verein Gornja Radgona<\/em><\/p>\n<p>\u00a0<\/p>\n<p><em>Das Programm wird erg\u00e4nzt. .<\/em><br \/>\n<em>Der Organisator beh\u00e4lt sich das Recht vor, \u00c4nderungen vorzunehmen.<\/em><\/p>\n<\/div>\n<\/div>\n<\/div>\n<\/div>\n<\/div>\n","protected":false},"excerpt":{"rendered":"<p>TOURISMUSANGEBOT: &#8211; Pr\u00e4sentation der Tourismusverb\u00e4nde (Slowenischer Tourismusverband) &#8211; Pr\u00e4sentation von Bergh\u00fctten und Bergvereinen (Slowenischer Bergsteigerverband) &#8211; Pr\u00e4sentation des Tourismus in Pomurje &#8211; Touristische Bauernh\u00f6fe mit erg\u00e4nzenden Aktivit\u00e4ten, Handwerk &#8211; Regionale K\u00fcche &#8211; Waldtourismus &#8211; Gesundheitstourismus AKTIVES UND ATTRAKTIVES GESCHEHEN &#8211; [&hellip;]<\/p>\n","protected":false},"author":5,"featured_media":240,"parent":0,"menu_order":0,"comment_status":"closed","ping_status":"closed","template":"","meta":{"footnotes":"","_links_to":"","_links_to_target":""},"class_list":["post-266","page","type-page","status-publish","has-post-thumbnail","hentry"],"_links":{"self":[{"href":"https:\/\/www.naturo.pomurski-sejem.si\/en\/wp-json\/wp\/v2\/pages\/266","targetHints":{"allow":["GET"]}}],"collection":[{"href":"https:\/\/www.naturo.pomurski-sejem.si\/en\/wp-json\/wp\/v2\/pages"}],"about":[{"href":"https:\/\/www.naturo.pomurski-sejem.si\/en\/wp-json\/wp\/v2\/types\/page"}],"author":[{"embeddable":true,"href":"https:\/\/www.naturo.pomurski-sejem.si\/en\/wp-json\/wp\/v2\/users\/5"}],"replies":[{"embeddable":true,"href":"https:\/\/www.naturo.pomurski-sejem.si\/en\/wp-json\/wp\/v2\/comments?post=266"}],"version-history":[{"count":5,"href":"https:\/\/www.naturo.pomurski-sejem.si\/en\/wp-json\/wp\/v2\/pages\/266\/revisions"}],"predecessor-version":[{"id":976,"href":"https:\/\/www.naturo.pomurski-sejem.si\/en\/wp-json\/wp\/v2\/pages\/266\/revisions\/976"}],"wp:featuredmedia":[{"embeddable":true,"href":"https:\/\/www.naturo.pomurski-sejem.si\/en\/wp-json\/wp\/v2\/media\/240"}],"wp:attachment":[{"href":"https:\/\/www.naturo.pomurski-sejem.si\/en\/wp-json\/wp\/v2\/media?parent=266"}],"curies":[{"name":"wp","href":"https:\/\/api.w.org\/{rel}","templated":true}]}}